{"id":3501,"date":"2025-04-15T21:34:43","date_gmt":"2025-04-15T19:34:43","guid":{"rendered":"https:\/\/a-g-coaching.fr\/?page_id=3501"},"modified":"2025-04-19T09:01:19","modified_gmt":"2025-04-19T07:01:19","slug":"hyrox","status":"publish","type":"page","link":"https:\/\/a-g-coaching.fr\/?page_id=3501","title":{"rendered":"Hyrox"},"content":{"rendered":"<p>[vc_row btt_skin=\u00a0\u00bblight\u00a0\u00bb row_background_text_animation=\u00a0\u00bbyes\u00a0\u00bb][vc_column]<div class=\"mkdf-split-scrolling-section\">\n    <div class=\"mkdf-sss-ms-right\"><div class=\"mkdf-sss-ms-section\"  style=\"background-color: #000000;background-image: url(https:\/\/a-g-coaching.fr\/wp-content\/uploads\/2025\/04\/hyrox-c-est-quoi.webp);padding: 10px 0;text-align: left\">\n\t<\/div><\/div><div class=\"mkdf-sss-ms-left\"><div class=\"mkdf-sss-ms-section\" data-header-style=\"light\" style=\"background-color: #000000;text-align: left\">\n\t[vc_column_text]<\/p>\n<h4><span style=\"color: #ffffff;\">PROGRAMME SPECIAL HYROX<\/span><\/h4>\n<p>[\/vc_column_text][vc_empty_space height=\u00a0\u00bb15px\u00a0\u00bb][vc_column_text]<b>D\u00e9couvrez le Hyrox : Le d\u00e9fi ultime entre Cardio et\u00a0<\/b><b>Puissance<\/b><\/p>\n<p><span style=\"font-weight: 400;\">L\u2019Hyrox<\/span><span style=\"font-weight: 400;\">\u00a0est bien plus qu&rsquo;une simple comp\u00e9tition, c\u2019est\u00a0<\/span><span style=\"font-weight: 400;\">un v\u00e9ritable d\u00e9fi testant votre puissance et votre\u00a0<\/span><span style=\"font-weight: 400;\">endurance. <\/span><\/p>\n<p><span style=\"font-weight: 400;\">Que vous soyez un sportif aguerri ou un\u00a0<\/span><span style=\"font-weight: 400;\">d\u00e9butant d\u00e9sireux de repousser ses fronti\u00e8res physiques, l<\/span><span style=\"font-weight: 400;\">\u2019Hyrox offre un challenge complet et stimulant.<\/span><\/p>\n<p><span style=\"font-weight: 400;\">Mon r\u00f4le est de vous accompagner dans chaque \u00e9tape\u00a0<\/span><span style=\"font-weight: 400;\">de votre pr\u00e9paration. Ensemble, nous franchirons vos b<\/span><span style=\"font-weight: 400;\">arri\u00e8res physiques et mental afin d\u2019arriver le jour de\u00a0<\/span><span style=\"font-weight: 400;\">la comp\u00e9tition au meilleur de votre forme.<\/span><\/p>\n<p><span style=\"font-weight: 400;\">Dans mon offre :<\/span><\/p>\n<ul>\n<li style=\"font-weight: 400;\" aria-level=\"1\"><span style=\"font-weight: 400;\">S\u00e9ances personnalis\u00e9es allant des exercices cardiovasculaires aux\u00a0<\/span>exercices de renforcement musculaire et de puissance musculaire<\/li>\n<li style=\"font-weight: 400;\" aria-level=\"1\"><span style=\"font-weight: 400;\">Appel pour faire des bilans tout au long de votre pr\u00e9paration<\/span><\/li>\n<li style=\"font-weight: 400;\" aria-level=\"1\"><span style=\"font-weight: 400;\">Tests physiques pour voir l\u2019avancer de vos performances<\/span><\/li>\n<\/ul>\n<p><span style=\"font-weight: 400;\">Pr\u00eat \u00e0 repousser vos limites et \u00e0 relever le d\u00e9fi du Hyrox ? Je suis l\u00e0 pour vous aider \u00e0 atteindre vos objectifs et \u00e0 r\u00e9ussir cette \u00e9preuve avec succ\u00e8s.<\/span><\/p>\n<p>3 mois minimum.[\/vc_column_text][vc_empty_space height=\u00a0\u00bb112px\u00a0\u00bb][vc_column_text]<\/p>\n<h2><span style=\"color: #ffffff;\">LANCEZ-VOUS !<\/span><\/h2>\n<p>[\/vc_column_text][vc_empty_space height=\u00a0\u00bb10px\u00a0\u00bb]\n<div class=\"wpcf7 no-js\" id=\"wpcf7-f1959-o1\" lang=\"en-US\" dir=\"ltr\">\n<div class=\"screen-reader-response\"><p role=\"status\" aria-live=\"polite\" aria-atomic=\"true\"><\/p> <ul><\/ul><\/div>\n<form action=\"\/index.php?rest_route=%2Fwp%2Fv2%2Fpages%2F3501#wpcf7-f1959-o1\" method=\"post\" class=\"wpcf7-form init cf7_custom_style_3\" aria-label=\"Contact form\" novalidate=\"novalidate\" data-status=\"init\">\n<div style=\"display: none;\">\n<input type=\"hidden\" name=\"_wpcf7\" value=\"1959\" \/>\n<input type=\"hidden\" name=\"_wpcf7_version\" value=\"5.8.7\" \/>\n<input type=\"hidden\" name=\"_wpcf7_locale\" value=\"en_US\" \/>\n<input type=\"hidden\" name=\"_wpcf7_unit_tag\" value=\"wpcf7-f1959-o1\" \/>\n<input type=\"hidden\" name=\"_wpcf7_container_post\" value=\"0\" \/>\n<input type=\"hidden\" name=\"_wpcf7_posted_data_hash\" value=\"\" \/>\n<\/div>\n<div class=\"mkdf-custom-booking-form mkdf-custom-form\">\n\t<div class=\"mkdf-grid-row mkdf-grid-normal-gutter\">\n\t\t<div class=\"mkdf-grid-col-6\">\n\t\t\t<p><span class=\"wpcf7-form-control-wrap\" data-name=\"text-prog-pers\"><input size=\"40\" class=\"wpcf7-form-control wpcf7-text wpcf7-validates-as-required\" aria-required=\"true\" aria-invalid=\"false\" placeholder=\"Votre nom\" value=\"\" type=\"text\" name=\"text-prog-pers\" \/><\/span>\n\t\t\t<\/p>\n\t\t<\/div>\n\t\t<div class=\"mkdf-grid-col-6\">\n\t\t\t<p><span class=\"wpcf7-form-control-wrap\" data-name=\"email-prog-pers\"><input size=\"40\" class=\"wpcf7-form-control wpcf7-email wpcf7-validates-as-required wpcf7-text wpcf7-validates-as-email\" aria-required=\"true\" aria-invalid=\"false\" placeholder=\"Votre e-mail\" value=\"\" type=\"email\" name=\"email-prog-pers\" \/><\/span>\n\t\t\t<\/p>\n\t\t<\/div>\n\t<\/div>\n\t<p><span class=\"wpcf7-form-control-wrap\" data-name=\"textarea-prog-pers\"><textarea cols=\"40\" rows=\"10\" class=\"wpcf7-form-control wpcf7-textarea wpcf7-validates-as-required\" aria-required=\"true\" aria-invalid=\"false\" placeholder=\"D\u00e9taillez vos objectifs.\" name=\"textarea-prog-pers\"><\/textarea><\/span>\n\t<\/p>\n\t<div class=\"mkdf-btn-outer-holder mkdf-btn-outer-simple mkdf-cf-button-outer\">\n\t\t<p><button class=\"wpcf7-form-control wpcf7-submit mkdf-btn mkdf-btn-medium mkdf-btn-solid\" type=\"submit\"><span class=\"mkdf-btn-text\">Envoyez<\/span><\/button>\n\t\t<\/p>\n\t\t<div class=\"mkdf-btn-top-line\" style=\"background-color:#ffffff\">\n\t\t<\/div>\n\t\t<div class=\"mkdf-btn-right-line\" style=\"background-color:#ffffff\">\n\t\t<\/div>\n\t\t<div class=\"mkdf-btn-bottom-line\" style=\"background-color:#ffffff\">\n\t\t<\/div>\n\t\t<div class=\"mkdf-btn-left-line\" style=\"background-color:#ffffff\">\n\t\t<\/div>\n\t<\/div>\n<\/div><div class=\"wpcf7-response-output\" aria-hidden=\"true\"><\/div>\n<\/form>\n<\/div>\n[vc_empty_space height=\u00a0\u00bb160px\u00a0\u00bb]<\/div><\/div><\/div>[\/vc_column][\/vc_row]<\/p>\n","protected":false},"excerpt":{"rendered":"<p>[vc_row btt_skin=\u00a0\u00bblight\u00a0\u00bb row_background_text_animation=\u00a0\u00bbyes\u00a0\u00bb][vc_column][\/vc_column][\/vc_row]<\/p>\n","protected":false},"author":2,"featured_media":0,"parent":0,"menu_order":0,"comment_status":"closed","ping_status":"closed","template":"full-width.php","meta":{"om_disable_all_campaigns":false,"_monsterinsights_skip_tracking":false,"_monsterinsights_sitenote_active":false,"_monsterinsights_sitenote_note":"","_monsterinsights_sitenote_category":0,"footnotes":""},"class_list":["post-3501","page","type-page","status-publish","hentry"],"aioseo_notices":[],"_links":{"self":[{"href":"https:\/\/a-g-coaching.fr\/index.php?rest_route=\/wp\/v2\/pages\/3501","targetHints":{"allow":["GET"]}}],"collection":[{"href":"https:\/\/a-g-coaching.fr\/index.php?rest_route=\/wp\/v2\/pages"}],"about":[{"href":"https:\/\/a-g-coaching.fr\/index.php?rest_route=\/wp\/v2\/types\/page"}],"author":[{"embeddable":true,"href":"https:\/\/a-g-coaching.fr\/index.php?rest_route=\/wp\/v2\/users\/2"}],"replies":[{"embeddable":true,"href":"https:\/\/a-g-coaching.fr\/index.php?rest_route=%2Fwp%2Fv2%2Fcomments&post=3501"}],"version-history":[{"count":2,"href":"https:\/\/a-g-coaching.fr\/index.php?rest_route=\/wp\/v2\/pages\/3501\/revisions"}],"predecessor-version":[{"id":3514,"href":"https:\/\/a-g-coaching.fr\/index.php?rest_route=\/wp\/v2\/pages\/3501\/revisions\/3514"}],"wp:attachment":[{"href":"https:\/\/a-g-coaching.fr\/index.php?rest_route=%2Fwp%2Fv2%2Fmedia&parent=3501"}],"curies":[{"name":"wp","href":"https:\/\/api.w.org\/{rel}","templated":true}]}}